{"id":1187,"date":"2024-11-07T15:17:06","date_gmt":"2024-11-07T06:17:06","guid":{"rendered":"https:\/\/omotesenke-hawaii.com\/about-the-hawaii-branch\/"},"modified":"2025-09-20T10:48:47","modified_gmt":"2025-09-20T01:48:47","slug":"about-the-hawaii-branch","status":"publish","type":"page","link":"https:\/\/omotesenke-hawaii.com\/en\/about-the-hawaii-branch\/","title":{"rendered":"About the Hawai&#8217;i Branch"},"content":{"rendered":"\n<h2 class=\"wp-block-heading has-text-align-center\"><strong>Goals and Activities<\/strong><\/h2>\n\n<hr class=\"wp-block-separator has-alpha-channel-opacity\"\/>\n\n<h3 class=\"wp-block-heading\">Goals of Activities<\/h3>\n\n<p>At the Omotesenke Fushin\u2019an in Kyoto, the spirit and beauty of the Way of Tea have been handed down for over 400 years since its founder, Sen no Riky\u016b.<br\/>The Omotesenke Domonkai is an association for practitioners connected to Fushin\u2019an, dedicated to studying and practicing the tea ceremony passed down through this family. Guided by the spirit of the Way of Tea, the association works to preserve, promote, and share traditional culture, as well as foster international exchange.<br\/>The main activities of the Hawai\u2018i Branch include hosting various workshops at the Japanese Cultural Center (instructor workshops, certified practitioner workshops, general workshops, and branch general meetings), holding branch memorial services for Sen no Riky\u016b (Riky\u016b-ki) and Sen no S\u014dtan (Ten\u2019nen-ki), conducting the annual Hatsugama (first tea gathering of the year), cooperating in tea offerings at public institutions, and presenting tea ceremony demonstrations.<\/p>\n\n<h2 class=\"wp-block-heading has-text-align-center\">Main Annual Events<\/h2>\n\n<hr class=\"wp-block-separator has-alpha-channel-opacity\"\/>\n\n<h3 class=\"wp-block-heading has-text-align-center\">February<\/h3>\n\n<figure class=\"wp-block-image aligncenter size-full\"><img decoding=\"async\" width=\"165\" height=\"146\" src=\"https:\/\/omotesenke-hawaii.com\/wp-content\/uploads\/2024\/11\/ph_purpos_01.jpg\" alt=\"Branch Hatsugama\" class=\"wp-image-385\"\/><\/figure>\n\n<p class=\"has-text-align-center\">Branch Hatsugama<\/p>\n\n<h3 class=\"wp-block-heading has-text-align-center\">March<\/h3>\n\n<div class=\"wp-block-columns is-layout-flex wp-container-core-columns-is-layout-28f84493 wp-block-columns-is-layout-flex\">\n<div class=\"wp-block-column is-layout-flow wp-block-column-is-layout-flow\">\n<figure class=\"wp-block-image aligncenter size-full\"><img decoding=\"async\" width=\"168\" height=\"126\" src=\"https:\/\/omotesenke-hawaii.com\/wp-content\/uploads\/2024\/11\/ph_purpos_02.jpg\" alt=\"Branch Riky&#x16B; Memorial Service\" class=\"wp-image-387\"\/><\/figure>\n\n\n\n<p class=\"has-text-align-center\">Branch Riky\u016b Memorial Service<\/p>\n<\/div>\n\n\n\n<div class=\"wp-block-column is-layout-flow wp-block-column-is-layout-flow\">\n<figure class=\"wp-block-image aligncenter size-full\"><img decoding=\"async\" width=\"168\" height=\"126\" src=\"https:\/\/omotesenke-hawaii.com\/wp-content\/uploads\/2024\/11\/ph_purpos_03.jpg\" alt=\"PBA Tea Room Opening\" class=\"wp-image-388\"\/><\/figure>\n\n\n\n<p class=\"has-text-align-center\">PBA Tea Room Opening<\/p>\n<\/div>\n\n\n\n<div class=\"wp-block-column is-layout-flow wp-block-column-is-layout-flow\">\n<figure class=\"wp-block-image aligncenter size-full\"><img loading=\"lazy\" decoding=\"async\" width=\"166\" height=\"154\" src=\"https:\/\/omotesenke-hawaii.com\/wp-content\/uploads\/2024\/11\/ph_purpos_04.jpg\" alt=\"Consulate General of Japan Military Family Night\" class=\"wp-image-389\"\/><\/figure>\n\n\n\n<p class=\"has-text-align-center\">Consulate General of Japan<br\/>Military Family Night<\/p>\n<\/div>\n<\/div>\n\n<h3 class=\"wp-block-heading has-text-align-center\">June<\/h3>\n\n<figure class=\"wp-block-image aligncenter size-full\"><img loading=\"lazy\" decoding=\"async\" width=\"168\" height=\"126\" src=\"https:\/\/omotesenke-hawaii.com\/wp-content\/uploads\/2024\/11\/ph_purpos_05.jpg\" alt=\"Cooperation in Tea Offering for Gan-nen-sha Event, Prince Hotel\" class=\"wp-image-394\"\/><\/figure>\n\n<p class=\"has-text-align-center\">Cooperation in Tea Offering for Gan-nen-sha Event, Prince Hotel<\/p>\n\n<h3 class=\"wp-block-heading has-text-align-center\">July<\/h3>\n\n<div class=\"wp-block-columns is-layout-flex wp-container-core-columns-is-layout-28f84493 wp-block-columns-is-layout-flex\">\n<div class=\"wp-block-column is-layout-flow wp-block-column-is-layout-flow\">\n<figure class=\"wp-block-image aligncenter size-full\"><img loading=\"lazy\" decoding=\"async\" width=\"167\" height=\"126\" src=\"https:\/\/omotesenke-hawaii.com\/wp-content\/uploads\/2024\/11\/ph_purpos_06.jpg\" alt=\"Hawai'i Branch Instructor Workshop \/ Lions Club Tea Offering\" class=\"wp-image-397\"\/><\/figure>\n\n\n\n<p class=\"has-text-align-center\">Hawai&#8217;i Branch Instructor Workshop<br\/>Lions Club Tea Offering<\/p>\n<\/div>\n\n\n\n<div class=\"wp-block-column is-layout-flow wp-block-column-is-layout-flow\">\n<figure class=\"wp-block-image aligncenter size-full\"><img loading=\"lazy\" decoding=\"async\" width=\"167\" height=\"126\" src=\"https:\/\/omotesenke-hawaii.com\/wp-content\/uploads\/2024\/11\/ph_purpos_07.jpg\" alt=\"Hawai'i Branch Certified Workshop\" class=\"wp-image-398\"\/><\/figure>\n\n\n\n<p class=\"has-text-align-center\">Hawai&#8217;i Branch Certified Workshop<\/p>\n<\/div>\n\n\n\n<div class=\"wp-block-column is-layout-flow wp-block-column-is-layout-flow\">\n<figure class=\"wp-block-image aligncenter size-full\"><img loading=\"lazy\" decoding=\"async\" width=\"167\" height=\"125\" src=\"https:\/\/omotesenke-hawaii.com\/wp-content\/uploads\/2024\/11\/ph_purpos_08.jpg\" alt=\"Hawai'i Branch General Workshop \/ Hawaii Branch General Meeting\" class=\"wp-image-399\"\/><\/figure>\n\n\n\n<p class=\"has-text-align-center\">Hawai\u2018i Branch General Workshop<br\/>Hawai\u2018i Branch General Meeting<\/p>\n<\/div>\n<\/div>\n\n<h3 class=\"wp-block-heading has-text-align-center\">September<\/h3>\n\n<figure class=\"wp-block-image aligncenter size-full\"><img loading=\"lazy\" decoding=\"async\" width=\"168\" height=\"126\" src=\"https:\/\/omotesenke-hawaii.com\/wp-content\/uploads\/2024\/11\/ph_purpos_10.jpg\" alt=\"Branch Ten'nen Memorial Service\" class=\"wp-image-401\"\/><\/figure>\n\n<p class=\"has-text-align-center\">Branch Ten&#8217;nen Memorial Service<\/p>\n\n<h3 class=\"wp-block-heading has-text-align-center\">October<\/h3>\n\n<div class=\"wp-block-columns is-layout-flex wp-container-core-columns-is-layout-28f84493 wp-block-columns-is-layout-flex\">\n<div class=\"wp-block-column is-layout-flow wp-block-column-is-layout-flow\">\n<figure class=\"wp-block-image aligncenter size-full\"><img loading=\"lazy\" decoding=\"async\" width=\"168\" height=\"126\" src=\"https:\/\/omotesenke-hawaii.com\/wp-content\/uploads\/2024\/11\/ph_purpos_11.jpg\" alt=\"Pacific Buddhist Academy Fundraise\" class=\"wp-image-404\"\/><\/figure>\n\n\n\n<p class=\"has-text-align-center\">Pacific Buddhist Academy <br\/>Fundraise<\/p>\n<\/div>\n\n\n\n<div class=\"wp-block-column is-layout-flow wp-block-column-is-layout-flow\">\n<figure class=\"wp-block-image aligncenter size-full\"><img loading=\"lazy\" decoding=\"async\" width=\"168\" height=\"126\" src=\"https:\/\/omotesenke-hawaii.com\/wp-content\/uploads\/2024\/11\/ph_purpos_09.jpg\" alt=\"Moon Viewing Ceremony\" class=\"wp-image-403\"\/><\/figure>\n\n\n\n<p class=\"has-text-align-center\">Moon Viewing Ceremony<\/p>\n<\/div>\n<\/div>\n\n<h2 class=\"wp-block-heading has-text-align-center\"><strong>Cooperation with Schools<\/strong><\/h2>\n\n<hr class=\"wp-block-separator has-alpha-channel-opacity\"\/>\n\n<div class=\"wp-block-columns is-layout-flex wp-container-core-columns-is-layout-28f84493 wp-block-columns-is-layout-flex\">\n<div class=\"wp-block-column is-layout-flow wp-block-column-is-layout-flow\">\n<figure class=\"wp-block-image aligncenter size-full\"><img loading=\"lazy\" decoding=\"async\" width=\"510\" height=\"383\" src=\"https:\/\/omotesenke-hawaii.com\/wp-content\/uploads\/2024\/11\/ph_coop_01.jpg\" alt=\"Signing Ceremony of the &quot;Cooperation Agreement&quot; by PBA, Headquarters, and Branch &#10;(From left: Branch Manager Toyama, PBA Principal Morse, Iemoto Professor Kimura)\" class=\"wp-image-406\" srcset=\"https:\/\/omotesenke-hawaii.com\/wp-content\/uploads\/2024\/11\/ph_coop_01.jpg 510w, https:\/\/omotesenke-hawaii.com\/wp-content\/uploads\/2024\/11\/ph_coop_01-300x225.jpg 300w\" sizes=\"(max-width: 510px) 100vw, 510px\" \/><\/figure>\n\n\n\n<p class=\"has-text-align-center has-small-font-size\">Signing Ceremony of the &#8220;Cooperation Agreement&#8221; by PBA, Headquarters, and Branch<br\/>(From left: Former Branch Manager Toyama, PBA Principal Morse, Iemoto Professor Kimura)<\/p>\n<\/div>\n\n\n\n<div class=\"wp-block-column is-layout-flow wp-block-column-is-layout-flow\">\n<figure class=\"wp-block-image aligncenter size-full\"><img loading=\"lazy\" decoding=\"async\" width=\"510\" height=\"383\" src=\"https:\/\/omotesenke-hawaii.com\/wp-content\/uploads\/2024\/11\/ph_coop_02.jpg\" alt=\"By Jimyosai Soke\" class=\"wp-image-407\" srcset=\"https:\/\/omotesenke-hawaii.com\/wp-content\/uploads\/2024\/11\/ph_coop_02.jpg 510w, https:\/\/omotesenke-hawaii.com\/wp-content\/uploads\/2024\/11\/ph_coop_02-300x225.jpg 300w\" sizes=\"(max-width: 510px) 100vw, 510px\" \/><\/figure>\n\n\n\n<p class=\"has-text-align-center has-small-font-size\">By Jimyosai Soke<\/p>\n<\/div>\n<\/div>\n\n<p>In April 2019, the Hawai\u2018i Branch and PBA (Pacific Buddhist Academy) signed a long-term cooperation agreement to deepen cultural exchange through the Way of Tea.<br\/>PBA introduced the first regular tea ceremony class in 2019 through the collaboration of a school, the headquarters, and a branch outside of Japan.<br\/>The PBA teahouse Seifu-an, donated by Omotesenke, now serves as one of the key centers for promoting Omotesenke tea ceremony, a traditional Japanese art, through tea classes and tea gatherings held on campus.<\/p>\n\n<div class=\"wp-block-columns is-layout-flex wp-container-core-columns-is-layout-28f84493 wp-block-columns-is-layout-flex\">\n<div class=\"wp-block-column is-layout-flow wp-block-column-is-layout-flow\">\n<figure class=\"wp-block-image aligncenter size-full\"><img loading=\"lazy\" decoding=\"async\" width=\"510\" height=\"383\" src=\"https:\/\/omotesenke-hawaii.com\/wp-content\/uploads\/2024\/11\/ph_coop_03.jpg\" alt=\"March 2018: Scene from the PBA Tea Room Opening\" class=\"wp-image-408\" srcset=\"https:\/\/omotesenke-hawaii.com\/wp-content\/uploads\/2024\/11\/ph_coop_03.jpg 510w, https:\/\/omotesenke-hawaii.com\/wp-content\/uploads\/2024\/11\/ph_coop_03-300x225.jpg 300w\" sizes=\"(max-width: 510px) 100vw, 510px\" \/><\/figure>\n\n\n\n<p class=\"has-text-align-center has-small-font-size\">March 2018: Scene from the PBA Tea Room Opening<\/p>\n<\/div>\n\n\n\n<div class=\"wp-block-column is-layout-flow wp-block-column-is-layout-flow\">\n<figure class=\"wp-block-image aligncenter size-full\"><img loading=\"lazy\" decoding=\"async\" width=\"510\" height=\"383\" src=\"https:\/\/omotesenke-hawaii.com\/wp-content\/uploads\/2024\/11\/ph_coop_04.jpg\" alt=\"\" class=\"wp-image-409\" srcset=\"https:\/\/omotesenke-hawaii.com\/wp-content\/uploads\/2024\/11\/ph_coop_04.jpg 510w, https:\/\/omotesenke-hawaii.com\/wp-content\/uploads\/2024\/11\/ph_coop_04-300x225.jpg 300w\" sizes=\"(max-width: 510px) 100vw, 510px\" \/><\/figure>\n<\/div>\n<\/div>\n\n<div class=\"wp-block-buttons is-content-justification-center is-layout-flex wp-container-core-buttons-is-layout-a89b3969 wp-block-buttons-is-layout-flex\">\n<div class=\"wp-block-button\"><a class=\"wp-block-button__link has-white-color has-text-color has-background has-link-color has-text-align-center wp-element-button\" href=\"https:\/\/omotesenke-hawaii.com\/en\/about-the-hawaii-branch\/branch-history\/\" style=\"background-color:#26ced4\">Branch History<\/a><\/div>\n<\/div>\n","protected":false},"excerpt":{"rendered":"<p>Goals and Activities Goals of Activities At the Omotesenke Fushin\u2019an in Kyoto, the spirit and beauty of the Way of Tea have been handed down for over 400 years since its founder, Sen no Riky\u016b.The Omotesenke Domonkai is an association for practitioners connected to Fushin\u2019an, dedicated to studying and practicing the tea ceremony passed down [&hellip;]<\/p>\n","protected":false},"author":1,"featured_media":1146,"parent":0,"menu_order":1300,"comment_status":"closed","ping_status":"closed","template":"","meta":{"inline_featured_image":false,"footnotes":""},"class_list":["post-1187","page","type-page","status-publish","has-post-thumbnail","hentry"],"_links":{"self":[{"href":"https:\/\/omotesenke-hawaii.com\/en\/wp-json\/wp\/v2\/pages\/1187","targetHints":{"allow":["GET"]}}],"collection":[{"href":"https:\/\/omotesenke-hawaii.com\/en\/wp-json\/wp\/v2\/pages"}],"about":[{"href":"https:\/\/omotesenke-hawaii.com\/en\/wp-json\/wp\/v2\/types\/page"}],"author":[{"embeddable":true,"href":"https:\/\/omotesenke-hawaii.com\/en\/wp-json\/wp\/v2\/users\/1"}],"replies":[{"embeddable":true,"href":"https:\/\/omotesenke-hawaii.com\/en\/wp-json\/wp\/v2\/comments?post=1187"}],"version-history":[{"count":13,"href":"https:\/\/omotesenke-hawaii.com\/en\/wp-json\/wp\/v2\/pages\/1187\/revisions"}],"predecessor-version":[{"id":1346,"href":"https:\/\/omotesenke-hawaii.com\/en\/wp-json\/wp\/v2\/pages\/1187\/revisions\/1346"}],"wp:featuredmedia":[{"embeddable":true,"href":"https:\/\/omotesenke-hawaii.com\/en\/wp-json\/wp\/v2\/media\/1146"}],"wp:attachment":[{"href":"https:\/\/omotesenke-hawaii.com\/en\/wp-json\/wp\/v2\/media?parent=1187"}],"curies":[{"name":"wp","href":"https:\/\/api.w.org\/{rel}","templated":true}]}}